{"id":400,"date":"2024-09-19T10:23:53","date_gmt":"2024-09-19T10:23:53","guid":{"rendered":"https:\/\/nepsi.leidardev.com\/\/\/\/?page_id=400"},"modified":"2025-08-04T14:33:26","modified_gmt":"2025-08-04T14:33:26","slug":"training-packs","status":"publish","type":"page","link":"https:\/\/nepsi.leidardev.com\/cs\/training-packs\/","title":{"rendered":"\u0160KOLIC\u00cd BAL\u00cd\u010cKY"},"content":{"rendered":"<div class=\"wp-block-c83-section uk-section uk-background-norepeat\">\n<div class=\"wp-block-c83-container uk-container\">\n<h1 class=\"wp-block-c83-post-title uk-text-left\">\u0160KOLIC\u00cd BAL\u00cd\u010cKY<\/h1>\n\n\n\n<p class=\"wp-block-c83-text uk-text-left uk-text-lead\">\u0160kolic\u00ed bal\u00ed\u010dky NEPSI zam\u011b\u0159en\u00e9 na osv\u011bd\u010den\u00e9 postupy jsou sou\u010d\u00e1st\u00ed vzd\u011bl\u00e1vac\u00ed f\u00e1ze p\u0159i zav\u00e1d\u011bn\u00ed osv\u011bd\u010den\u00fdch postup\u016f NEPSI.<\/p>\n\n\n\n<p class=\"wp-block-c83-text uk-text-left\">Ka\u017ed\u00fd \u0161kolic\u00ed bal\u00ed\u010dek v PowerPointu se zab\u00fdv\u00e1 t\u00e9matem relevantn\u00edm pro pracovn\u00edky ve v\u0161ech odv\u011btv\u00edch, kter\u00e1 pou\u017e\u00edvaj\u00ed materi\u00e1ly obsahuj\u00edc\u00ed krystalick\u00fd k\u0159emen. Tyto bal\u00ed\u010dky p\u0159in\u00e1\u0161ej\u00ed informace o rizic\u00edch spojen\u00fdch s expozic\u00ed prachu u konkr\u00e9tn\u00edch \u010dinnost\u00ed a p\u0159edstavuj\u00ed osv\u011bd\u010den\u00e9 postupy a dostupn\u00e1 opat\u0159en\u00ed ke sn\u00ed\u017een\u00ed t\u011bchto rizik. C\u00edlem \u0161kolen\u00ed je s podporou \u0161kolitele poskytnout pracovn\u00edk\u016fm informace a znalosti pro efektivn\u00ed uplat\u0148ov\u00e1n\u00ed kontroln\u00edch opat\u0159en\u00ed a sn\u00ed\u017een\u00ed expozice d\u00fdchateln\u00e9mu krystalick\u00e9mu k\u0159emeni (RCS) na pracovi\u0161ti.<\/p>\n\n\n\n<p class=\"wp-block-c83-text uk-text-left\">Kompletn\u00ed sada bal\u00ed\u010dk\u016f obsahuje v\u0161ech 13 \u0161kolic\u00edch bal\u00ed\u010dk\u016f v PowerPointu ke sta\u017een\u00ed najednou. P\u0159\u00edpadn\u011b si m\u016f\u017eete jednotliv\u00e9 bal\u00ed\u010dky st\u00e1hnout samostatn\u011b.<\/p>\n\n\n\n<h2 class=\"wp-block-c83-heading uk-text-left\">St\u00e1hn\u011bte si celou sadu \u0161kolen\u00ed ve sv\u00e9m jazyce:<\/h2>\n\n\n\n<div class=\"wp-block-c83-vspace c83-vspace-large\"><\/div>\n\n\n\n<div class=\"wp-block-c83-grid uk-grid uk-grid-large  uk-child-width-1-2@s uk-child-width-1-4@m\" uk-grid=\"masonry: false; parallax: 0; parallaxStart: 0; parallaxEnd: 0; parallaxJustify: false;\">\n<div class=\"wp-block-c83-grid-item\">\n<a class=\"wp-block-c83-button uk-button-primary uk-button uk-button-large\" href=\"https:\/\/nepsi.leidardev.com\/cs\/training-packs\/bulgarian\/\" target=\"_self\" rel=\"noopener\" role=\"link\"><span>bulhar\u0161tina<\/span><\/a>\n<\/div>\n\n\n\n<div class=\"wp-block-c83-grid-item\">\n<a class=\"wp-block-c83-button uk-button-primary uk-button uk-button-large\" href=\"https:\/\/nepsi.leidardev.com\/cs\/training-packs\/croatian\/\" target=\"_self\" rel=\"noopener\" role=\"link\"><span>chorvat\u0161tina<\/span><\/a>\n<\/div>\n\n\n\n<div class=\"wp-block-c83-grid-item\">\n<a class=\"wp-block-c83-button uk-button-primary uk-button uk-button-large\" href=\"https:\/\/nepsi.leidardev.com\/cs\/training-packs\/czech\/\" target=\"_self\" rel=\"noopener\" role=\"link\"><span>\u010de\u0161tina<\/span><\/a>\n<\/div>\n\n\n\n<div class=\"wp-block-c83-grid-item\">\n<a class=\"wp-block-c83-button uk-button-primary uk-button uk-button-large\" href=\"https:\/\/nepsi.leidardev.com\/cs\/training-packs\/danish\/\" target=\"_self\" rel=\"noopener\" role=\"link\"><span>d\u00e1n\u0161tina<\/span><\/a>\n<\/div>\n\n\n\n<div class=\"wp-block-c83-grid-item\">\n<a class=\"wp-block-c83-button uk-button-primary uk-button uk-button-large\" href=\"https:\/\/nepsi.leidardev.com\/cs\/training-packs\/dutch\/\" target=\"_self\" rel=\"noopener\" role=\"link\"><span>nizozem\u0161tina<\/span><\/a>\n<\/div>\n\n\n\n<div class=\"wp-block-c83-grid-item\">\n<a class=\"wp-block-c83-button uk-button-primary uk-button uk-button-large\" href=\"https:\/\/nepsi.leidardev.com\/cs\/training-packs\/english\/\" target=\"_self\" rel=\"noopener\" role=\"link\"><span>angli\u010dtina<\/span><\/a>\n<\/div>\n\n\n\n<div class=\"wp-block-c83-grid-item\">\n<a class=\"wp-block-c83-button uk-button-primary uk-button uk-button-large\" href=\"https:\/\/nepsi.leidardev.com\/cs\/training-packs\/estonian\/\" target=\"_self\" rel=\"noopener\" role=\"link\"><span>eston\u0161tina<\/span><\/a>\n<\/div>\n\n\n\n<div class=\"wp-block-c83-grid-item\">\n<a class=\"wp-block-c83-button uk-button-primary uk-button uk-button-large\" href=\"https:\/\/nepsi.leidardev.com\/cs\/training-packs\/finnish\/\" target=\"_self\" rel=\"noopener\" role=\"link\"><span>fin\u0161tina<\/span><\/a>\n<\/div>\n\n\n\n<div class=\"wp-block-c83-grid-item\">\n<a class=\"wp-block-c83-button uk-button-primary uk-button uk-button-large\" href=\"https:\/\/nepsi.leidardev.com\/cs\/training-packs\/french\/\" target=\"_self\" rel=\"noopener\" role=\"link\"><span>francouz\u0161tina<\/span><\/a>\n<\/div>\n\n\n\n<div class=\"wp-block-c83-grid-item\">\n<a class=\"wp-block-c83-button uk-button-primary uk-button uk-button-large\" href=\"https:\/\/nepsi.leidardev.com\/cs\/training-packs\/german\/\" target=\"_self\" rel=\"noopener\" role=\"link\"><span>n\u011bm\u010dina<\/span><\/a>\n<\/div>\n\n\n\n<div class=\"wp-block-c83-grid-item\">\n<a class=\"wp-block-c83-button uk-button-primary uk-button uk-button-large\" href=\"https:\/\/nepsi.leidardev.com\/cs\/training-packs\/greek\/\" target=\"_self\" rel=\"noopener\" role=\"link\"><span>\u0159e\u010dtina<\/span><\/a>\n<\/div>\n\n\n\n<div class=\"wp-block-c83-grid-item\">\n<a class=\"wp-block-c83-button uk-button-primary uk-button uk-button-large\" href=\"https:\/\/nepsi.leidardev.com\/cs\/training-packs\/hungarian\/\" target=\"_self\" rel=\"noopener\" role=\"link\"><span>ma\u010far\u0161tina<\/span><\/a>\n<\/div>\n\n\n\n<div class=\"wp-block-c83-grid-item\">\n<a class=\"wp-block-c83-button uk-button-primary uk-button uk-button-large\" href=\"https:\/\/nepsi.leidardev.com\/cs\/training-packs\/italian\/\" target=\"_self\" rel=\"noopener\" role=\"link\"><span>ital\u0161tina<\/span><\/a>\n<\/div>\n\n\n\n<div class=\"wp-block-c83-grid-item\">\n<a class=\"wp-block-c83-button uk-button-primary uk-button uk-button-large\" href=\"https:\/\/nepsi.leidardev.com\/cs\/training-packs\/latvian\/\" target=\"_self\" rel=\"noopener\" role=\"link\"><span>loty\u0161tina<\/span><\/a>\n<\/div>\n\n\n\n<div class=\"wp-block-c83-grid-item\">\n<a class=\"wp-block-c83-button uk-button-primary uk-button uk-button-large\" href=\"https:\/\/nepsi.leidardev.com\/cs\/training-packs\/lithuanian\/\" target=\"_self\" rel=\"noopener\" role=\"link\"><span>litev\u0161tina<\/span><\/a>\n<\/div>\n\n\n\n<div class=\"wp-block-c83-grid-item\">\n<a class=\"wp-block-c83-button uk-button-primary uk-button uk-button-large\" href=\"https:\/\/nepsi.leidardev.com\/cs\/training-packs\/maltese\/\" target=\"_self\" rel=\"noopener\" role=\"link\"><span>malt\u0161tina<\/span><\/a>\n<\/div>\n\n\n\n<div class=\"wp-block-c83-grid-item\">\n<a class=\"wp-block-c83-button uk-button-primary uk-button uk-button-large\" href=\"https:\/\/nepsi.leidardev.com\/cs\/training-packs\/polish\/\" target=\"_self\" rel=\"noopener\" role=\"link\"><span>pol\u0161tina<\/span><\/a>\n<\/div>\n\n\n\n<div class=\"wp-block-c83-grid-item\">\n<a class=\"wp-block-c83-button uk-button-primary uk-button uk-button-large\" href=\"https:\/\/nepsi.leidardev.com\/cs\/training-packs\/portuguese\/\" target=\"_self\" rel=\"noopener\" role=\"link\"><span>portugal\u0161tina<\/span><\/a>\n<\/div>\n\n\n\n<div class=\"wp-block-c83-grid-item\">\n<a class=\"wp-block-c83-button uk-button-primary uk-button uk-button-large\" href=\"https:\/\/nepsi.leidardev.com\/cs\/training-packs\/romanian\/\" target=\"_self\" rel=\"noopener\" role=\"link\"><span>rumun\u0161tina<\/span><\/a>\n<\/div>\n\n\n\n<div class=\"wp-block-c83-grid-item\">\n<a class=\"wp-block-c83-button uk-button-primary uk-button uk-button-large\" href=\"https:\/\/nepsi.leidardev.com\/cs\/training-packs\/slovakian\/\" target=\"_self\" rel=\"noopener\" role=\"link\"><span>slovin\u0161tina<\/span><\/a>\n<\/div>\n\n\n\n<div class=\"wp-block-c83-grid-item\">\n<a class=\"wp-block-c83-button uk-button-primary uk-button uk-button-large\" href=\"https:\/\/nepsi.leidardev.com\/cs\/training-packs\/slovenian\/\" target=\"_self\" rel=\"noopener\" role=\"link\"><span>slovin\u0161tina<\/span><\/a>\n<\/div>\n\n\n\n<div class=\"wp-block-c83-grid-item\">\n<a class=\"wp-block-c83-button uk-button-primary uk-button uk-button-large\" href=\"https:\/\/nepsi.leidardev.com\/cs\/training-packs\/spanish\/\" target=\"_self\" rel=\"noopener\" role=\"link\"><span>\u0161pan\u011bl\u0161tina<\/span><\/a>\n<\/div>\n\n\n\n<div class=\"wp-block-c83-grid-item\">\n<a class=\"wp-block-c83-button uk-button-primary uk-button uk-button-large\" href=\"https:\/\/nepsi.leidardev.com\/cs\/training-packs\/swedish\/\" target=\"_self\" rel=\"noopener\" role=\"link\"><span>\u0161v\u00e9d\u0161tina<\/span><\/a>\n<\/div>\n<\/div>\n<\/div>\n<\/div>","protected":false},"excerpt":{"rendered":"","protected":false},"author":1,"featured_media":0,"parent":0,"menu_order":0,"comment_status":"closed","ping_status":"closed","template":"","meta":{"footnotes":""},"class_list":["post-400","page","type-page","status-publish","hentry"],"_links":{"self":[{"href":"https:\/\/nepsi.leidardev.com\/cs\/wp-json\/wp\/v2\/pages\/400","targetHints":{"allow":["GET"]}}],"collection":[{"href":"https:\/\/nepsi.leidardev.com\/cs\/wp-json\/wp\/v2\/pages"}],"about":[{"href":"https:\/\/nepsi.leidardev.com\/cs\/wp-json\/wp\/v2\/types\/page"}],"author":[{"embeddable":true,"href":"https:\/\/nepsi.leidardev.com\/cs\/wp-json\/wp\/v2\/users\/1"}],"replies":[{"embeddable":true,"href":"https:\/\/nepsi.leidardev.com\/cs\/wp-json\/wp\/v2\/comments?post=400"}],"version-history":[{"count":0,"href":"https:\/\/nepsi.leidardev.com\/cs\/wp-json\/wp\/v2\/pages\/400\/revisions"}],"wp:attachment":[{"href":"https:\/\/nepsi.leidardev.com\/cs\/wp-json\/wp\/v2\/media?parent=400"}],"curies":[{"name":"wp","href":"https:\/\/api.w.org\/{rel}","templated":true}]}}