{"id":3,"date":"2024-08-12T12:57:10","date_gmt":"2024-08-12T12:57:10","guid":{"rendered":"https:\/\/nepsi.leidardev.com\/\/\/\/?page_id=3"},"modified":"2024-10-21T10:40:39","modified_gmt":"2024-10-21T10:40:39","slug":"privacy-policy","status":"publish","type":"page","link":"https:\/\/nepsi.leidardev.com\/et\/privacy-policy\/","title":{"rendered":"PRIVAATSUSP\u00d5HIM\u00d5TTED"},"content":{"rendered":"<div class=\"wp-block-c83-section uk-section uk-background-norepeat\">\n<div class=\"wp-block-c83-container uk-container\">\n<h1 class=\"wp-block-c83-post-title uk-text-left\">PRIVAATSUSP\u00d5HIM\u00d5TTED<\/h1>\n\n\n\n<p class=\"wp-block-c83-text uk-text-left translation-block\">Teie privaatsus on meie jaoks oluline. NEPSI p\u00f5him\u00f5tteks on austada teie privaatsust seoses teabega, mida v\u00f5ime teie kohta koguda meie veebisaidil <a href=\"https:\/\/www.nepsi.eu\/\" target=\"_self\">https:\/\/www.nepsi.eu\/<\/a> ning teistel meile kuuluvatel ja meie poolt hallatavatel saitidel.<\/p>\n\n\n\n<p class=\"wp-block-c83-text uk-text-left\">K\u00fcsime isikuandmeid \u00fcksnes juhul, kui neid teenuse osutamiseks t\u00f5epoolest vajame. Kogume isikuandmeid \u00f5iglasel ja seadusj\u00e4rgsel viisil teie teadmisel ja n\u00f5usolekul. Teavitame teid sellest, milleks me selliseid andmeid kogume ja mil viisil neid kasutatakse.<\/p>\n\n\n\n<p class=\"wp-block-c83-text uk-text-left\">S\u00e4ilitame kogutud andmeid \u00fcksnes seni, kuni see on teie soovitud teenuse pakkumiseks vajalik. Kui andmeid s\u00e4ilitame, kaitseme neid \u00e4riliselt vastuv\u00f5etavatel viisidel andmete kadumise ja varguse ennetamiseks ning volitamata juurdep\u00e4\u00e4su, avaldamise, kopeerimise, kasutuse v\u00f5i muutmise v\u00e4ltimiseks.<\/p>\n\n\n\n<p class=\"wp-block-c83-text uk-text-left\">Me ei jaga isiku tuvastamist v\u00f5imaldavaid andmeid avalikult ega ka kolmandate osapooltega, v.a seadusega n\u00f5utavatel juhtudel.<\/p>\n\n\n\n<p class=\"wp-block-c83-text uk-text-left\">Meie veebisaidil v\u00f5ivad olla esitatud lingid v\u00e4listele saitidele, mida me ei halda. Pange t\u00e4hele, et meil ei ole selliste saitide sisu ja k\u00e4itamise \u00fcle m\u00f5ju ning me ei v\u00f5ta mingit vastutust seoses neil kehtivate privaatsusp\u00f5him\u00f5tetega.<\/p>\n\n\n\n<p class=\"wp-block-c83-text uk-text-left\">V\u00f5ite igal ajal keelduda meie poolt k\u00fcsitud isikuandmete esitamisest, kuid pange t\u00e4hele, et sel juhul ei pruugi teatud teie soovitud teenuste pakkumine v\u00f5imalik olla.<\/p>\n\n\n\n<p class=\"wp-block-c83-text uk-text-left\">Teiepoolset j\u00e4tkuvat meie veebisaidi kasutamist k\u00e4sitletakse meie privaatsust ja isikuandmeid puudutavate p\u00f5him\u00f5tetega n\u00f5ustumisena. Kui teil on kasutajate (isiku)andmete kasutamisega seoses k\u00fcsimusi, v\u00f5tke meiega \u00fchendust.<br><\/p>\n\n\n\n<p class=\"wp-block-c83-text uk-text-left\">P\u00f5him\u00f5tete j\u00f5ustumise kuup\u00e4ev: 01.12.2020.<\/p>\n<\/div>\n<\/div>","protected":false},"excerpt":{"rendered":"","protected":false},"author":1,"featured_media":0,"parent":0,"menu_order":0,"comment_status":"closed","ping_status":"closed","template":"","meta":{"footnotes":""},"class_list":["post-3","page","type-page","status-publish","hentry"],"_links":{"self":[{"href":"https:\/\/nepsi.leidardev.com\/et\/wp-json\/wp\/v2\/pages\/3","targetHints":{"allow":["GET"]}}],"collection":[{"href":"https:\/\/nepsi.leidardev.com\/et\/wp-json\/wp\/v2\/pages"}],"about":[{"href":"https:\/\/nepsi.leidardev.com\/et\/wp-json\/wp\/v2\/types\/page"}],"author":[{"embeddable":true,"href":"https:\/\/nepsi.leidardev.com\/et\/wp-json\/wp\/v2\/users\/1"}],"replies":[{"embeddable":true,"href":"https:\/\/nepsi.leidardev.com\/et\/wp-json\/wp\/v2\/comments?post=3"}],"version-history":[{"count":0,"href":"https:\/\/nepsi.leidardev.com\/et\/wp-json\/wp\/v2\/pages\/3\/revisions"}],"wp:attachment":[{"href":"https:\/\/nepsi.leidardev.com\/et\/wp-json\/wp\/v2\/media?parent=3"}],"curies":[{"name":"wp","href":"https:\/\/api.w.org\/{rel}","templated":true}]}}