{"id":400,"date":"2024-09-19T10:23:53","date_gmt":"2024-09-19T10:23:53","guid":{"rendered":"https:\/\/nepsi.leidardev.com\/\/\/\/?page_id=400"},"modified":"2025-08-04T14:33:26","modified_gmt":"2025-08-04T14:33:26","slug":"training-packs","status":"publish","type":"page","link":"https:\/\/nepsi.leidardev.com\/et\/training-packs\/","title":{"rendered":"\u00d5ppekomplektid"},"content":{"rendered":"<div class=\"wp-block-c83-section uk-section uk-background-norepeat\">\n<div class=\"wp-block-c83-container uk-container\">\n<h1 class=\"wp-block-c83-post-title uk-text-left\">\u00d5ppekomplektid<\/h1>\n\n\n\n<p class=\"wp-block-c83-text uk-text-left uk-text-lead\">NEPSI parimate tavade \u00f5ppekomplektid on valminud NEPSI parimate tavade rakendamise teavitusealaste tegevuste raames.<\/p>\n\n\n\n<p class=\"wp-block-c83-text uk-text-left\">Iga PowerPointi faili kujul pakutav \u00f5ppekomplekt k\u00e4sitleb \u00fcht k\u00f5igi kristallilist r\u00e4nidioksiidi sisaldavaid materjale kasutavate t\u00f6\u00f6stusharude t\u00f6\u00f6tajatele asjakohast teemat. Komplektid sisaldavad teavet vastava teemaga seotud tolmuga kokkupuute riskide kohta ning riskide v\u00e4hendamiseks m\u00f5eldud meetmete ja parimate tavade kohta. V\u00e4lja\u00f5ppe eesm\u00e4rk on t\u00f6\u00f6tajaid juhendaja abiga harida ja teavitada, et nad saaksid meetmeid t\u00f5husalt kasutada ning v\u00e4hendada enda kokkupuudet respiratoorse kristallilise r\u00e4nidioksiidiga t\u00f6\u00f6keskkonnas.<\/p>\n\n\n\n<p class=\"wp-block-c83-text uk-text-left\">\u00d5ppekomplektide komplekt sisaldab k\u00f5iki 13 PowerPointi \u00f5ppekomplekti ning v\u00f5imaldab need \u00fcheskoos alla laadida. Teise v\u00f5imalusena saate alla laadida enda valitud komplekte.<\/p>\n\n\n\n<h2 class=\"wp-block-c83-heading uk-text-left\">Laadige \u00f5ppekomplektide komplekt alla enda valitud keeles:<\/h2>\n\n\n\n<div class=\"wp-block-c83-vspace c83-vspace-large\"><\/div>\n\n\n\n<div class=\"wp-block-c83-grid uk-grid uk-grid-large  uk-child-width-1-2@s uk-child-width-1-4@m\" uk-grid=\"masonry: false; parallax: 0; parallaxStart: 0; parallaxEnd: 0; parallaxJustify: false;\">\n<div class=\"wp-block-c83-grid-item\">\n<a class=\"wp-block-c83-button uk-button-primary uk-button uk-button-large\" href=\"https:\/\/nepsi.leidardev.com\/et\/training-packs\/bulgarian\/\" target=\"_self\" rel=\"noopener\" role=\"link\"><span>Bulgaaria keel<\/span><\/a>\n<\/div>\n\n\n\n<div class=\"wp-block-c83-grid-item\">\n<a class=\"wp-block-c83-button uk-button-primary uk-button uk-button-large\" href=\"https:\/\/nepsi.leidardev.com\/et\/training-packs\/croatian\/\" target=\"_self\" rel=\"noopener\" role=\"link\"><span>Horvaatia keel<\/span><\/a>\n<\/div>\n\n\n\n<div class=\"wp-block-c83-grid-item\">\n<a class=\"wp-block-c83-button uk-button-primary uk-button uk-button-large\" href=\"https:\/\/nepsi.leidardev.com\/et\/training-packs\/czech\/\" target=\"_self\" rel=\"noopener\" role=\"link\"><span>T\u0161ehhi keel<\/span><\/a>\n<\/div>\n\n\n\n<div class=\"wp-block-c83-grid-item\">\n<a class=\"wp-block-c83-button uk-button-primary uk-button uk-button-large\" href=\"https:\/\/nepsi.leidardev.com\/et\/training-packs\/danish\/\" target=\"_self\" rel=\"noopener\" role=\"link\"><span>Taani keel<\/span><\/a>\n<\/div>\n\n\n\n<div class=\"wp-block-c83-grid-item\">\n<a class=\"wp-block-c83-button uk-button-primary uk-button uk-button-large\" href=\"https:\/\/nepsi.leidardev.com\/et\/training-packs\/dutch\/\" target=\"_self\" rel=\"noopener\" role=\"link\"><span>Hollandi keel<\/span><\/a>\n<\/div>\n\n\n\n<div class=\"wp-block-c83-grid-item\">\n<a class=\"wp-block-c83-button uk-button-primary uk-button uk-button-large\" href=\"https:\/\/nepsi.leidardev.com\/et\/training-packs\/english\/\" target=\"_self\" rel=\"noopener\" role=\"link\"><span>Inglise keel<\/span><\/a>\n<\/div>\n\n\n\n<div class=\"wp-block-c83-grid-item\">\n<a class=\"wp-block-c83-button uk-button-primary uk-button uk-button-large\" href=\"https:\/\/nepsi.leidardev.com\/et\/training-packs\/estonian\/\" target=\"_self\" rel=\"noopener\" role=\"link\"><span>Eesti keel<\/span><\/a>\n<\/div>\n\n\n\n<div class=\"wp-block-c83-grid-item\">\n<a class=\"wp-block-c83-button uk-button-primary uk-button uk-button-large\" href=\"https:\/\/nepsi.leidardev.com\/et\/training-packs\/finnish\/\" target=\"_self\" rel=\"noopener\" role=\"link\"><span>Soome keel<\/span><\/a>\n<\/div>\n\n\n\n<div class=\"wp-block-c83-grid-item\">\n<a class=\"wp-block-c83-button uk-button-primary uk-button uk-button-large\" href=\"https:\/\/nepsi.leidardev.com\/et\/training-packs\/french\/\" target=\"_self\" rel=\"noopener\" role=\"link\"><span>Prantsuse keel<\/span><\/a>\n<\/div>\n\n\n\n<div class=\"wp-block-c83-grid-item\">\n<a class=\"wp-block-c83-button uk-button-primary uk-button uk-button-large\" href=\"https:\/\/nepsi.leidardev.com\/et\/training-packs\/german\/\" target=\"_self\" rel=\"noopener\" role=\"link\"><span>Saksa keel<\/span><\/a>\n<\/div>\n\n\n\n<div class=\"wp-block-c83-grid-item\">\n<a class=\"wp-block-c83-button uk-button-primary uk-button uk-button-large\" href=\"https:\/\/nepsi.leidardev.com\/et\/training-packs\/greek\/\" target=\"_self\" rel=\"noopener\" role=\"link\"><span>Kreeka keel<\/span><\/a>\n<\/div>\n\n\n\n<div class=\"wp-block-c83-grid-item\">\n<a class=\"wp-block-c83-button uk-button-primary uk-button uk-button-large\" href=\"https:\/\/nepsi.leidardev.com\/et\/training-packs\/hungarian\/\" target=\"_self\" rel=\"noopener\" role=\"link\"><span>Ungari keel<\/span><\/a>\n<\/div>\n\n\n\n<div class=\"wp-block-c83-grid-item\">\n<a class=\"wp-block-c83-button uk-button-primary uk-button uk-button-large\" href=\"https:\/\/nepsi.leidardev.com\/et\/training-packs\/italian\/\" target=\"_self\" rel=\"noopener\" role=\"link\"><span>Itaalia keel<\/span><\/a>\n<\/div>\n\n\n\n<div class=\"wp-block-c83-grid-item\">\n<a class=\"wp-block-c83-button uk-button-primary uk-button uk-button-large\" href=\"https:\/\/nepsi.leidardev.com\/et\/training-packs\/latvian\/\" target=\"_self\" rel=\"noopener\" role=\"link\"><span>L\u00e4ti keel<\/span><\/a>\n<\/div>\n\n\n\n<div class=\"wp-block-c83-grid-item\">\n<a class=\"wp-block-c83-button uk-button-primary uk-button uk-button-large\" href=\"https:\/\/nepsi.leidardev.com\/et\/training-packs\/lithuanian\/\" target=\"_self\" rel=\"noopener\" role=\"link\"><span>Leedu keel<\/span><\/a>\n<\/div>\n\n\n\n<div class=\"wp-block-c83-grid-item\">\n<a class=\"wp-block-c83-button uk-button-primary uk-button uk-button-large\" href=\"https:\/\/nepsi.leidardev.com\/et\/training-packs\/maltese\/\" target=\"_self\" rel=\"noopener\" role=\"link\"><span>Malta keel<\/span><\/a>\n<\/div>\n\n\n\n<div class=\"wp-block-c83-grid-item\">\n<a class=\"wp-block-c83-button uk-button-primary uk-button uk-button-large\" href=\"https:\/\/nepsi.leidardev.com\/et\/training-packs\/polish\/\" target=\"_self\" rel=\"noopener\" role=\"link\"><span>Poola keel<\/span><\/a>\n<\/div>\n\n\n\n<div class=\"wp-block-c83-grid-item\">\n<a class=\"wp-block-c83-button uk-button-primary uk-button uk-button-large\" href=\"https:\/\/nepsi.leidardev.com\/et\/training-packs\/portuguese\/\" target=\"_self\" rel=\"noopener\" role=\"link\"><span>Portugali keel<\/span><\/a>\n<\/div>\n\n\n\n<div class=\"wp-block-c83-grid-item\">\n<a class=\"wp-block-c83-button uk-button-primary uk-button uk-button-large\" href=\"https:\/\/nepsi.leidardev.com\/et\/training-packs\/romanian\/\" target=\"_self\" rel=\"noopener\" role=\"link\"><span>Rumeenia keel<\/span><\/a>\n<\/div>\n\n\n\n<div class=\"wp-block-c83-grid-item\">\n<a class=\"wp-block-c83-button uk-button-primary uk-button uk-button-large\" href=\"https:\/\/nepsi.leidardev.com\/et\/training-packs\/slovakian\/\" target=\"_self\" rel=\"noopener\" role=\"link\"><span>Slovakkia keel<\/span><\/a>\n<\/div>\n\n\n\n<div class=\"wp-block-c83-grid-item\">\n<a class=\"wp-block-c83-button uk-button-primary uk-button uk-button-large\" href=\"https:\/\/nepsi.leidardev.com\/et\/training-packs\/slovenian\/\" target=\"_self\" rel=\"noopener\" role=\"link\"><span>Sloveenia keel<\/span><\/a>\n<\/div>\n\n\n\n<div class=\"wp-block-c83-grid-item\">\n<a class=\"wp-block-c83-button uk-button-primary uk-button uk-button-large\" href=\"https:\/\/nepsi.leidardev.com\/et\/training-packs\/spanish\/\" target=\"_self\" rel=\"noopener\" role=\"link\"><span>Hispaania keel<\/span><\/a>\n<\/div>\n\n\n\n<div class=\"wp-block-c83-grid-item\">\n<a class=\"wp-block-c83-button uk-button-primary uk-button uk-button-large\" href=\"https:\/\/nepsi.leidardev.com\/et\/training-packs\/swedish\/\" target=\"_self\" rel=\"noopener\" role=\"link\"><span>Rootsi keel<\/span><\/a>\n<\/div>\n<\/div>\n<\/div>\n<\/div>","protected":false},"excerpt":{"rendered":"","protected":false},"author":1,"featured_media":0,"parent":0,"menu_order":0,"comment_status":"closed","ping_status":"closed","template":"","meta":{"footnotes":""},"class_list":["post-400","page","type-page","status-publish","hentry"],"_links":{"self":[{"href":"https:\/\/nepsi.leidardev.com\/et\/wp-json\/wp\/v2\/pages\/400","targetHints":{"allow":["GET"]}}],"collection":[{"href":"https:\/\/nepsi.leidardev.com\/et\/wp-json\/wp\/v2\/pages"}],"about":[{"href":"https:\/\/nepsi.leidardev.com\/et\/wp-json\/wp\/v2\/types\/page"}],"author":[{"embeddable":true,"href":"https:\/\/nepsi.leidardev.com\/et\/wp-json\/wp\/v2\/users\/1"}],"replies":[{"embeddable":true,"href":"https:\/\/nepsi.leidardev.com\/et\/wp-json\/wp\/v2\/comments?post=400"}],"version-history":[{"count":0,"href":"https:\/\/nepsi.leidardev.com\/et\/wp-json\/wp\/v2\/pages\/400\/revisions"}],"wp:attachment":[{"href":"https:\/\/nepsi.leidardev.com\/et\/wp-json\/wp\/v2\/media?parent=400"}],"curies":[{"name":"wp","href":"https:\/\/api.w.org\/{rel}","templated":true}]}}