{"id":400,"date":"2024-09-19T10:23:53","date_gmt":"2024-09-19T10:23:53","guid":{"rendered":"https:\/\/nepsi.leidardev.com\/\/\/\/?page_id=400"},"modified":"2025-08-04T14:33:26","modified_gmt":"2025-08-04T14:33:26","slug":"training-packs","status":"publish","type":"page","link":"https:\/\/nepsi.leidardev.com\/fi\/training-packs\/","title":{"rendered":"KOULUTUSPAKKAUKSET"},"content":{"rendered":"<div class=\"wp-block-c83-section uk-section uk-background-norepeat\">\n<div class=\"wp-block-c83-container uk-container\">\n<h1 class=\"wp-block-c83-post-title uk-text-left\">KOULUTUSPAKKAUKSET<\/h1>\n\n\n\n<p class=\"wp-block-c83-text uk-text-left uk-text-lead\">NEPSI:n hyvien k\u00e4yt\u00e4nt\u00f6jen koulutuspakkaukset ovat osa NEPSI:n hyvien k\u00e4yt\u00e4nt\u00f6jen implementoinnin koulutusvaihetta.<\/p>\n\n\n\n<p class=\"wp-block-c83-text uk-text-left\">Kukin PowerPoint-koulutuspakkaus k\u00e4sittelee jotakin aihetta, joka koskettaa kaikkien toimialojen, joissa k\u00e4sitell\u00e4\u00e4n kiteist\u00e4 piidioksidia sis\u00e4lt\u00e4vi\u00e4 materiaaleja, ty\u00f6ntekij\u00f6it\u00e4. Pakkauksissa on tietoa p\u00f6lyn altistumiseen liittyvist\u00e4 riskeist\u00e4 kyseisen aiheen tiimoilta, ja siin\u00e4 tarjotaan my\u00f6s hyvi\u00e4 k\u00e4yt\u00e4nt\u00f6j\u00e4 ja toimenpiteit\u00e4 riskien v\u00e4hent\u00e4miseen. Koulutuksen tarkoitus on antaa ty\u00f6ntekij\u00f6ille tietoa ja opastusta sek\u00e4 auttaa ohjaajan tukemana n\u00e4it\u00e4 hy\u00f6dynt\u00e4m\u00e4\u00e4n hallintatoimenpiteit\u00e4 tehokkaasti ja v\u00e4hent\u00e4m\u00e4\u00e4n altistumista hengitett\u00e4v\u00e4lle kiteiselle piidioksidille ty\u00f6paikalla.<\/p>\n\n\n\n<p class=\"wp-block-c83-text uk-text-left\">Koulutuspakkauspaketin avulla voit ladata kaikki 13 PowerPoint-koulutuspakkausta kerralla. Voit my\u00f6s ladata pakkaukset yksitt\u00e4in.<\/p>\n\n\n\n<h2 class=\"wp-block-c83-heading uk-text-left\">Lataa koulutuspakkaus omalla kielell\u00e4si:<\/h2>\n\n\n\n<div class=\"wp-block-c83-vspace c83-vspace-large\"><\/div>\n\n\n\n<div class=\"wp-block-c83-grid uk-grid uk-grid-large  uk-child-width-1-2@s uk-child-width-1-4@m\" uk-grid=\"masonry: false; parallax: 0; parallaxStart: 0; parallaxEnd: 0; parallaxJustify: false;\">\n<div class=\"wp-block-c83-grid-item\">\n<a class=\"wp-block-c83-button uk-button-primary uk-button uk-button-large\" href=\"https:\/\/nepsi.leidardev.com\/fi\/training-packs\/bulgarian\/\" target=\"_self\" rel=\"noopener\" role=\"link\"><span>bulgaria<\/span><\/a>\n<\/div>\n\n\n\n<div class=\"wp-block-c83-grid-item\">\n<a class=\"wp-block-c83-button uk-button-primary uk-button uk-button-large\" href=\"https:\/\/nepsi.leidardev.com\/fi\/training-packs\/croatian\/\" target=\"_self\" rel=\"noopener\" role=\"link\"><span>kroatia<\/span><\/a>\n<\/div>\n\n\n\n<div class=\"wp-block-c83-grid-item\">\n<a class=\"wp-block-c83-button uk-button-primary uk-button uk-button-large\" href=\"https:\/\/nepsi.leidardev.com\/fi\/training-packs\/czech\/\" target=\"_self\" rel=\"noopener\" role=\"link\"><span>tsekki<\/span><\/a>\n<\/div>\n\n\n\n<div class=\"wp-block-c83-grid-item\">\n<a class=\"wp-block-c83-button uk-button-primary uk-button uk-button-large\" href=\"https:\/\/nepsi.leidardev.com\/fi\/training-packs\/danish\/\" target=\"_self\" rel=\"noopener\" role=\"link\"><span>tanska<\/span><\/a>\n<\/div>\n\n\n\n<div class=\"wp-block-c83-grid-item\">\n<a class=\"wp-block-c83-button uk-button-primary uk-button uk-button-large\" href=\"https:\/\/nepsi.leidardev.com\/fi\/training-packs\/dutch\/\" target=\"_self\" rel=\"noopener\" role=\"link\"><span>hollanti<\/span><\/a>\n<\/div>\n\n\n\n<div class=\"wp-block-c83-grid-item\">\n<a class=\"wp-block-c83-button uk-button-primary uk-button uk-button-large\" href=\"https:\/\/nepsi.leidardev.com\/fi\/training-packs\/english\/\" target=\"_self\" rel=\"noopener\" role=\"link\"><span>englanti<\/span><\/a>\n<\/div>\n\n\n\n<div class=\"wp-block-c83-grid-item\">\n<a class=\"wp-block-c83-button uk-button-primary uk-button uk-button-large\" href=\"https:\/\/nepsi.leidardev.com\/fi\/training-packs\/estonian\/\" target=\"_self\" rel=\"noopener\" role=\"link\"><span>viro<\/span><\/a>\n<\/div>\n\n\n\n<div class=\"wp-block-c83-grid-item\">\n<a class=\"wp-block-c83-button uk-button-primary uk-button uk-button-large\" href=\"https:\/\/nepsi.leidardev.com\/fi\/training-packs\/finnish\/\" target=\"_self\" rel=\"noopener\" role=\"link\"><span>suomi<\/span><\/a>\n<\/div>\n\n\n\n<div class=\"wp-block-c83-grid-item\">\n<a class=\"wp-block-c83-button uk-button-primary uk-button uk-button-large\" href=\"https:\/\/nepsi.leidardev.com\/fi\/training-packs\/french\/\" target=\"_self\" rel=\"noopener\" role=\"link\"><span>ranska<\/span><\/a>\n<\/div>\n\n\n\n<div class=\"wp-block-c83-grid-item\">\n<a class=\"wp-block-c83-button uk-button-primary uk-button uk-button-large\" href=\"https:\/\/nepsi.leidardev.com\/fi\/training-packs\/german\/\" target=\"_self\" rel=\"noopener\" role=\"link\"><span>saksa<\/span><\/a>\n<\/div>\n\n\n\n<div class=\"wp-block-c83-grid-item\">\n<a class=\"wp-block-c83-button uk-button-primary uk-button uk-button-large\" href=\"https:\/\/nepsi.leidardev.com\/fi\/training-packs\/greek\/\" target=\"_self\" rel=\"noopener\" role=\"link\"><span>kreikka<\/span><\/a>\n<\/div>\n\n\n\n<div class=\"wp-block-c83-grid-item\">\n<a class=\"wp-block-c83-button uk-button-primary uk-button uk-button-large\" href=\"https:\/\/nepsi.leidardev.com\/fi\/training-packs\/hungarian\/\" target=\"_self\" rel=\"noopener\" role=\"link\"><span>unkari<\/span><\/a>\n<\/div>\n\n\n\n<div class=\"wp-block-c83-grid-item\">\n<a class=\"wp-block-c83-button uk-button-primary uk-button uk-button-large\" href=\"https:\/\/nepsi.leidardev.com\/fi\/training-packs\/italian\/\" target=\"_self\" rel=\"noopener\" role=\"link\"><span>italia<\/span><\/a>\n<\/div>\n\n\n\n<div class=\"wp-block-c83-grid-item\">\n<a class=\"wp-block-c83-button uk-button-primary uk-button uk-button-large\" href=\"https:\/\/nepsi.leidardev.com\/fi\/training-packs\/latvian\/\" target=\"_self\" rel=\"noopener\" role=\"link\"><span>latvia<\/span><\/a>\n<\/div>\n\n\n\n<div class=\"wp-block-c83-grid-item\">\n<a class=\"wp-block-c83-button uk-button-primary uk-button uk-button-large\" href=\"https:\/\/nepsi.leidardev.com\/fi\/training-packs\/lithuanian\/\" target=\"_self\" rel=\"noopener\" role=\"link\"><span>liettua<\/span><\/a>\n<\/div>\n\n\n\n<div class=\"wp-block-c83-grid-item\">\n<a class=\"wp-block-c83-button uk-button-primary uk-button uk-button-large\" href=\"https:\/\/nepsi.leidardev.com\/fi\/training-packs\/maltese\/\" target=\"_self\" rel=\"noopener\" role=\"link\"><span>malta<\/span><\/a>\n<\/div>\n\n\n\n<div class=\"wp-block-c83-grid-item\">\n<a class=\"wp-block-c83-button uk-button-primary uk-button uk-button-large\" href=\"https:\/\/nepsi.leidardev.com\/fi\/training-packs\/polish\/\" target=\"_self\" rel=\"noopener\" role=\"link\"><span>puola<\/span><\/a>\n<\/div>\n\n\n\n<div class=\"wp-block-c83-grid-item\">\n<a class=\"wp-block-c83-button uk-button-primary uk-button uk-button-large\" href=\"https:\/\/nepsi.leidardev.com\/fi\/training-packs\/portuguese\/\" target=\"_self\" rel=\"noopener\" role=\"link\"><span>portugali<\/span><\/a>\n<\/div>\n\n\n\n<div class=\"wp-block-c83-grid-item\">\n<a class=\"wp-block-c83-button uk-button-primary uk-button uk-button-large\" href=\"https:\/\/nepsi.leidardev.com\/fi\/training-packs\/romanian\/\" target=\"_self\" rel=\"noopener\" role=\"link\"><span>romania<\/span><\/a>\n<\/div>\n\n\n\n<div class=\"wp-block-c83-grid-item\">\n<a class=\"wp-block-c83-button uk-button-primary uk-button uk-button-large\" href=\"https:\/\/nepsi.leidardev.com\/fi\/training-packs\/slovakian\/\" target=\"_self\" rel=\"noopener\" role=\"link\"><span>slovakki<\/span><\/a>\n<\/div>\n\n\n\n<div class=\"wp-block-c83-grid-item\">\n<a class=\"wp-block-c83-button uk-button-primary uk-button uk-button-large\" href=\"https:\/\/nepsi.leidardev.com\/fi\/training-packs\/slovenian\/\" target=\"_self\" rel=\"noopener\" role=\"link\"><span>sloveeni<\/span><\/a>\n<\/div>\n\n\n\n<div class=\"wp-block-c83-grid-item\">\n<a class=\"wp-block-c83-button uk-button-primary uk-button uk-button-large\" href=\"https:\/\/nepsi.leidardev.com\/fi\/training-packs\/spanish\/\" target=\"_self\" rel=\"noopener\" role=\"link\"><span>espanja<\/span><\/a>\n<\/div>\n\n\n\n<div class=\"wp-block-c83-grid-item\">\n<a class=\"wp-block-c83-button uk-button-primary uk-button uk-button-large\" href=\"https:\/\/nepsi.leidardev.com\/fi\/training-packs\/swedish\/\" target=\"_self\" rel=\"noopener\" role=\"link\"><span>ruotsi<\/span><\/a>\n<\/div>\n<\/div>\n<\/div>\n<\/div>","protected":false},"excerpt":{"rendered":"","protected":false},"author":1,"featured_media":0,"parent":0,"menu_order":0,"comment_status":"closed","ping_status":"closed","template":"","meta":{"footnotes":""},"class_list":["post-400","page","type-page","status-publish","hentry"],"_links":{"self":[{"href":"https:\/\/nepsi.leidardev.com\/fi\/wp-json\/wp\/v2\/pages\/400","targetHints":{"allow":["GET"]}}],"collection":[{"href":"https:\/\/nepsi.leidardev.com\/fi\/wp-json\/wp\/v2\/pages"}],"about":[{"href":"https:\/\/nepsi.leidardev.com\/fi\/wp-json\/wp\/v2\/types\/page"}],"author":[{"embeddable":true,"href":"https:\/\/nepsi.leidardev.com\/fi\/wp-json\/wp\/v2\/users\/1"}],"replies":[{"embeddable":true,"href":"https:\/\/nepsi.leidardev.com\/fi\/wp-json\/wp\/v2\/comments?post=400"}],"version-history":[{"count":0,"href":"https:\/\/nepsi.leidardev.com\/fi\/wp-json\/wp\/v2\/pages\/400\/revisions"}],"wp:attachment":[{"href":"https:\/\/nepsi.leidardev.com\/fi\/wp-json\/wp\/v2\/media?parent=400"}],"curies":[{"name":"wp","href":"https:\/\/api.w.org\/{rel}","templated":true}]}}