{"id":400,"date":"2024-09-19T10:23:53","date_gmt":"2024-09-19T10:23:53","guid":{"rendered":"https:\/\/nepsi.leidardev.com\/\/\/\/?page_id=400"},"modified":"2025-08-04T14:33:26","modified_gmt":"2025-08-04T14:33:26","slug":"training-packs","status":"publish","type":"page","link":"https:\/\/nepsi.leidardev.com\/pt\/training-packs\/","title":{"rendered":"PACOTES DE FORMA\u00c7\u00c3O"},"content":{"rendered":"<div class=\"wp-block-c83-section uk-section uk-background-norepeat\">\n<div class=\"wp-block-c83-container uk-container\">\n<h1 class=\"wp-block-c83-post-title uk-text-left\">PACOTES DE FORMA\u00c7\u00c3O<\/h1>\n\n\n\n<p class=\"wp-block-c83-text uk-text-left uk-text-lead\">Os Pacotes de Forma\u00e7\u00e3o de Boas Pr\u00e1ticas da NEPSI fazem parte da etapa de forma\u00e7\u00e3o na implementa\u00e7\u00e3o das Boas Pr\u00e1ticas da NEPSI.<\/p>\n\n\n\n<p class=\"wp-block-c83-text uk-text-left\">Cada pacote de forma\u00e7\u00e3o em PowerPoint abrange um t\u00f3pico relevante para os trabalhadores de todas as ind\u00fastrias que utilizam materiais que cont\u00eam s\u00edlica cristalina. Os pacotes fornecem informa\u00e7\u00f5es sobre os riscos de exposi\u00e7\u00e3o a p\u00f3 relacionados com o t\u00f3pico e as boas pr\u00e1ticas e medidas dispon\u00edveis para os reduzir. O objetivo da forma\u00e7\u00e3o \u00e9 informar e educar os trabalhadores, com o apoio de um formador, para os ajudar a utilizar eficazmente as medidas de controlo e reduzir a sua exposi\u00e7\u00e3o \u00e0 s\u00edlica cristalina respir\u00e1vel (SCR) no local de trabalho.<\/p>\n\n\n\n<p class=\"wp-block-c83-text uk-text-left\">O \u201cConjunto do pacote de forma\u00e7\u00e3o\u201d permite-lhe descarregar os 13 pacotes de forma\u00e7\u00e3o em PowerPoint de uma s\u00f3 vez.<\/p>\n\n\n\n<h2 class=\"wp-block-c83-heading uk-text-left\">Em alternativa, pode descarregar os pacotes individualmente.<\/h2>\n\n\n\n<div class=\"wp-block-c83-vspace c83-vspace-large\"><\/div>\n\n\n\n<div class=\"wp-block-c83-grid uk-grid uk-grid-large  uk-child-width-1-2@s uk-child-width-1-4@m\" uk-grid=\"masonry: false; parallax: 0; parallaxStart: 0; parallaxEnd: 0; parallaxJustify: false;\">\n<div class=\"wp-block-c83-grid-item\">\n<a class=\"wp-block-c83-button uk-button-primary uk-button uk-button-large\" href=\"https:\/\/nepsi.leidardev.com\/pt\/training-packs\/bulgarian\/\" target=\"_self\" rel=\"noopener\" role=\"link\"><span>B\u00falgaro<\/span><\/a>\n<\/div>\n\n\n\n<div class=\"wp-block-c83-grid-item\">\n<a class=\"wp-block-c83-button uk-button-primary uk-button uk-button-large\" href=\"https:\/\/nepsi.leidardev.com\/pt\/training-packs\/croatian\/\" target=\"_self\" rel=\"noopener\" role=\"link\"><span>Croata<\/span><\/a>\n<\/div>\n\n\n\n<div class=\"wp-block-c83-grid-item\">\n<a class=\"wp-block-c83-button uk-button-primary uk-button uk-button-large\" href=\"https:\/\/nepsi.leidardev.com\/pt\/training-packs\/czech\/\" target=\"_self\" rel=\"noopener\" role=\"link\"><span>Checo<\/span><\/a>\n<\/div>\n\n\n\n<div class=\"wp-block-c83-grid-item\">\n<a class=\"wp-block-c83-button uk-button-primary uk-button uk-button-large\" href=\"https:\/\/nepsi.leidardev.com\/pt\/training-packs\/danish\/\" target=\"_self\" rel=\"noopener\" role=\"link\"><span>Dinamarqu\u00eas<\/span><\/a>\n<\/div>\n\n\n\n<div class=\"wp-block-c83-grid-item\">\n<a class=\"wp-block-c83-button uk-button-primary uk-button uk-button-large\" href=\"https:\/\/nepsi.leidardev.com\/pt\/training-packs\/dutch\/\" target=\"_self\" rel=\"noopener\" role=\"link\"><span>Neerland\u00eas<\/span><\/a>\n<\/div>\n\n\n\n<div class=\"wp-block-c83-grid-item\">\n<a class=\"wp-block-c83-button uk-button-primary uk-button uk-button-large\" href=\"https:\/\/nepsi.leidardev.com\/pt\/training-packs\/english\/\" target=\"_self\" rel=\"noopener\" role=\"link\"><span>Ingl\u00eas<\/span><\/a>\n<\/div>\n\n\n\n<div class=\"wp-block-c83-grid-item\">\n<a class=\"wp-block-c83-button uk-button-primary uk-button uk-button-large\" href=\"https:\/\/nepsi.leidardev.com\/pt\/training-packs\/estonian\/\" target=\"_self\" rel=\"noopener\" role=\"link\"><span>Est\u00f3nio<\/span><\/a>\n<\/div>\n\n\n\n<div class=\"wp-block-c83-grid-item\">\n<a class=\"wp-block-c83-button uk-button-primary uk-button uk-button-large\" href=\"https:\/\/nepsi.leidardev.com\/pt\/training-packs\/finnish\/\" target=\"_self\" rel=\"noopener\" role=\"link\"><span>Finland\u00eas<\/span><\/a>\n<\/div>\n\n\n\n<div class=\"wp-block-c83-grid-item\">\n<a class=\"wp-block-c83-button uk-button-primary uk-button uk-button-large\" href=\"https:\/\/nepsi.leidardev.com\/pt\/training-packs\/french\/\" target=\"_self\" rel=\"noopener\" role=\"link\"><span>Franc\u00eas<\/span><\/a>\n<\/div>\n\n\n\n<div class=\"wp-block-c83-grid-item\">\n<a class=\"wp-block-c83-button uk-button-primary uk-button uk-button-large\" href=\"https:\/\/nepsi.leidardev.com\/pt\/training-packs\/german\/\" target=\"_self\" rel=\"noopener\" role=\"link\"><span>Alem\u00e3o<\/span><\/a>\n<\/div>\n\n\n\n<div class=\"wp-block-c83-grid-item\">\n<a class=\"wp-block-c83-button uk-button-primary uk-button uk-button-large\" href=\"https:\/\/nepsi.leidardev.com\/pt\/training-packs\/greek\/\" target=\"_self\" rel=\"noopener\" role=\"link\"><span>Grego<\/span><\/a>\n<\/div>\n\n\n\n<div class=\"wp-block-c83-grid-item\">\n<a class=\"wp-block-c83-button uk-button-primary uk-button uk-button-large\" href=\"https:\/\/nepsi.leidardev.com\/pt\/training-packs\/hungarian\/\" target=\"_self\" rel=\"noopener\" role=\"link\"><span>H\u00fangaro<\/span><\/a>\n<\/div>\n\n\n\n<div class=\"wp-block-c83-grid-item\">\n<a class=\"wp-block-c83-button uk-button-primary uk-button uk-button-large\" href=\"https:\/\/nepsi.leidardev.com\/pt\/training-packs\/italian\/\" target=\"_self\" rel=\"noopener\" role=\"link\"><span>Italiano<\/span><\/a>\n<\/div>\n\n\n\n<div class=\"wp-block-c83-grid-item\">\n<a class=\"wp-block-c83-button uk-button-primary uk-button uk-button-large\" href=\"https:\/\/nepsi.leidardev.com\/pt\/training-packs\/latvian\/\" target=\"_self\" rel=\"noopener\" role=\"link\"><span>Let\u00e3o<\/span><\/a>\n<\/div>\n\n\n\n<div class=\"wp-block-c83-grid-item\">\n<a class=\"wp-block-c83-button uk-button-primary uk-button uk-button-large\" href=\"https:\/\/nepsi.leidardev.com\/pt\/training-packs\/lithuanian\/\" target=\"_self\" rel=\"noopener\" role=\"link\"><span>Lituano<\/span><\/a>\n<\/div>\n\n\n\n<div class=\"wp-block-c83-grid-item\">\n<a class=\"wp-block-c83-button uk-button-primary uk-button uk-button-large\" href=\"https:\/\/nepsi.leidardev.com\/pt\/training-packs\/maltese\/\" target=\"_self\" rel=\"noopener\" role=\"link\"><span>Malt\u00eas<\/span><\/a>\n<\/div>\n\n\n\n<div class=\"wp-block-c83-grid-item\">\n<a class=\"wp-block-c83-button uk-button-primary uk-button uk-button-large\" href=\"https:\/\/nepsi.leidardev.com\/pt\/training-packs\/polish\/\" target=\"_self\" rel=\"noopener\" role=\"link\"><span>Polaco<\/span><\/a>\n<\/div>\n\n\n\n<div class=\"wp-block-c83-grid-item\">\n<a class=\"wp-block-c83-button uk-button-primary uk-button uk-button-large\" href=\"https:\/\/nepsi.leidardev.com\/pt\/training-packs\/portuguese\/\" target=\"_self\" rel=\"noopener\" role=\"link\"><span>Portugu\u00eas<\/span><\/a>\n<\/div>\n\n\n\n<div class=\"wp-block-c83-grid-item\">\n<a class=\"wp-block-c83-button uk-button-primary uk-button uk-button-large\" href=\"https:\/\/nepsi.leidardev.com\/pt\/training-packs\/romanian\/\" target=\"_self\" rel=\"noopener\" role=\"link\"><span>Romeno<\/span><\/a>\n<\/div>\n\n\n\n<div class=\"wp-block-c83-grid-item\">\n<a class=\"wp-block-c83-button uk-button-primary uk-button uk-button-large\" href=\"https:\/\/nepsi.leidardev.com\/pt\/training-packs\/slovakian\/\" target=\"_self\" rel=\"noopener\" role=\"link\"><span>Eslovaco<\/span><\/a>\n<\/div>\n\n\n\n<div class=\"wp-block-c83-grid-item\">\n<a class=\"wp-block-c83-button uk-button-primary uk-button uk-button-large\" href=\"https:\/\/nepsi.leidardev.com\/pt\/training-packs\/slovenian\/\" target=\"_self\" rel=\"noopener\" role=\"link\"><span>Esloveno<\/span><\/a>\n<\/div>\n\n\n\n<div class=\"wp-block-c83-grid-item\">\n<a class=\"wp-block-c83-button uk-button-primary uk-button uk-button-large\" href=\"https:\/\/nepsi.leidardev.com\/pt\/training-packs\/spanish\/\" target=\"_self\" rel=\"noopener\" role=\"link\"><span>Espanhol<\/span><\/a>\n<\/div>\n\n\n\n<div class=\"wp-block-c83-grid-item\">\n<a class=\"wp-block-c83-button uk-button-primary uk-button uk-button-large\" href=\"https:\/\/nepsi.leidardev.com\/pt\/training-packs\/swedish\/\" target=\"_self\" rel=\"noopener\" role=\"link\"><span>Sueco<\/span><\/a>\n<\/div>\n<\/div>\n<\/div>\n<\/div>","protected":false},"excerpt":{"rendered":"","protected":false},"author":1,"featured_media":0,"parent":0,"menu_order":0,"comment_status":"closed","ping_status":"closed","template":"","meta":{"footnotes":""},"class_list":["post-400","page","type-page","status-publish","hentry"],"_links":{"self":[{"href":"https:\/\/nepsi.leidardev.com\/pt\/wp-json\/wp\/v2\/pages\/400","targetHints":{"allow":["GET"]}}],"collection":[{"href":"https:\/\/nepsi.leidardev.com\/pt\/wp-json\/wp\/v2\/pages"}],"about":[{"href":"https:\/\/nepsi.leidardev.com\/pt\/wp-json\/wp\/v2\/types\/page"}],"author":[{"embeddable":true,"href":"https:\/\/nepsi.leidardev.com\/pt\/wp-json\/wp\/v2\/users\/1"}],"replies":[{"embeddable":true,"href":"https:\/\/nepsi.leidardev.com\/pt\/wp-json\/wp\/v2\/comments?post=400"}],"version-history":[{"count":0,"href":"https:\/\/nepsi.leidardev.com\/pt\/wp-json\/wp\/v2\/pages\/400\/revisions"}],"wp:attachment":[{"href":"https:\/\/nepsi.leidardev.com\/pt\/wp-json\/wp\/v2\/media?parent=400"}],"curies":[{"name":"wp","href":"https:\/\/api.w.org\/{rel}","templated":true}]}}