{"id":400,"date":"2024-09-19T10:23:53","date_gmt":"2024-09-19T10:23:53","guid":{"rendered":"https:\/\/nepsi.leidardev.com\/\/\/\/?page_id=400"},"modified":"2025-08-04T14:33:26","modified_gmt":"2025-08-04T14:33:26","slug":"training-packs","status":"publish","type":"page","link":"https:\/\/nepsi.leidardev.com\/ro\/training-packs\/","title":{"rendered":"Formule de formare profesional\u0103"},"content":{"rendered":"<div class=\"wp-block-c83-section uk-section uk-background-norepeat\">\n<div class=\"wp-block-c83-container uk-container\">\n<h1 class=\"wp-block-c83-post-title uk-text-left\">Formule de formare profesional\u0103<\/h1>\n\n\n\n<p class=\"wp-block-c83-text uk-text-left uk-text-lead\">Formulele de formare profesional\u0103 oferite de NEPSI cu privire la bunele practici constituie demersul pedagogic \u00een vederea implement\u0103rii bunelor practici NEPSI.<\/p>\n\n\n\n<p class=\"wp-block-c83-text uk-text-left\">Fiecare prezentare PowerPoint din cadrul formulelor de formare profesional\u0103 abordeaz\u0103 o tem\u0103 relevant\u0103 pentru lucr\u0103torii din diverse sectoare care sunt expu\u0219i la materiale ce con\u021bin silice cristalin\u0103. Formulele con\u021bin informa\u021bii privind riscurile expunerii la praf \u00een cadrul subiectului tratat. Ele prezint\u0103 bunele practici \u0219i m\u0103surile care pot fi aplicate pentru reducerea acestora. Aceast\u0103 formare profesional\u0103 are ca scop informarea \u0219i sensibilizarea lucr\u0103torilor. Cu sprijinul unui instructor, ei vor \u00eenv\u0103\u021ba s\u0103 utilizeze eficient m\u0103surile de control \u0219i s\u0103 reduc\u0103 propria expunere la silice cristalin\u0103 respirabil\u0103 (SCR) la locul de munc\u0103.<\/p>\n\n\n\n<p class=\"wp-block-c83-text uk-text-left\">Pachetul integral de instruire v\u0103 permite s\u0103 desc\u0103rca\u021bi toate cele 13 prezent\u0103ri PowerPoint deodat\u0103. Dac\u0103 prefera\u021bi, pute\u021bi desc\u0103rca fiecare formul\u0103 de formare separat.<\/p>\n\n\n\n<h2 class=\"wp-block-c83-heading uk-text-left\">Desc\u0103rca\u021bi pachetul integral \u00een limba dumneavoastr\u0103:<\/h2>\n\n\n\n<div class=\"wp-block-c83-vspace c83-vspace-large\"><\/div>\n\n\n\n<div class=\"wp-block-c83-grid uk-grid uk-grid-large  uk-child-width-1-2@s uk-child-width-1-4@m\" uk-grid=\"masonry: false; parallax: 0; parallaxStart: 0; parallaxEnd: 0; parallaxJustify: false;\">\n<div class=\"wp-block-c83-grid-item\">\n<a class=\"wp-block-c83-button uk-button-primary uk-button uk-button-large\" href=\"https:\/\/nepsi.leidardev.com\/ro\/training-packs\/bulgarian\/\" target=\"_self\" rel=\"noopener\" role=\"link\"><span>bulgar\u0103<\/span><\/a>\n<\/div>\n\n\n\n<div class=\"wp-block-c83-grid-item\">\n<a class=\"wp-block-c83-button uk-button-primary uk-button uk-button-large\" href=\"https:\/\/nepsi.leidardev.com\/ro\/training-packs\/croatian\/\" target=\"_self\" rel=\"noopener\" role=\"link\"><span>croat\u0103<\/span><\/a>\n<\/div>\n\n\n\n<div class=\"wp-block-c83-grid-item\">\n<a class=\"wp-block-c83-button uk-button-primary uk-button uk-button-large\" href=\"https:\/\/nepsi.leidardev.com\/ro\/training-packs\/czech\/\" target=\"_self\" rel=\"noopener\" role=\"link\"><span>ceh\u0103<\/span><\/a>\n<\/div>\n\n\n\n<div class=\"wp-block-c83-grid-item\">\n<a class=\"wp-block-c83-button uk-button-primary uk-button uk-button-large\" href=\"https:\/\/nepsi.leidardev.com\/ro\/training-packs\/danish\/\" target=\"_self\" rel=\"noopener\" role=\"link\"><span>danez\u0103<\/span><\/a>\n<\/div>\n\n\n\n<div class=\"wp-block-c83-grid-item\">\n<a class=\"wp-block-c83-button uk-button-primary uk-button uk-button-large\" href=\"https:\/\/nepsi.leidardev.com\/ro\/training-packs\/dutch\/\" target=\"_self\" rel=\"noopener\" role=\"link\"><span>neerlandez\u0103<\/span><\/a>\n<\/div>\n\n\n\n<div class=\"wp-block-c83-grid-item\">\n<a class=\"wp-block-c83-button uk-button-primary uk-button uk-button-large\" href=\"https:\/\/nepsi.leidardev.com\/ro\/training-packs\/english\/\" target=\"_self\" rel=\"noopener\" role=\"link\"><span>englez\u0103<\/span><\/a>\n<\/div>\n\n\n\n<div class=\"wp-block-c83-grid-item\">\n<a class=\"wp-block-c83-button uk-button-primary uk-button uk-button-large\" href=\"https:\/\/nepsi.leidardev.com\/ro\/training-packs\/estonian\/\" target=\"_self\" rel=\"noopener\" role=\"link\"><span>eston\u0103<\/span><\/a>\n<\/div>\n\n\n\n<div class=\"wp-block-c83-grid-item\">\n<a class=\"wp-block-c83-button uk-button-primary uk-button uk-button-large\" href=\"https:\/\/nepsi.leidardev.com\/ro\/training-packs\/finnish\/\" target=\"_self\" rel=\"noopener\" role=\"link\"><span>eston\u0103<\/span><\/a>\n<\/div>\n\n\n\n<div class=\"wp-block-c83-grid-item\">\n<a class=\"wp-block-c83-button uk-button-primary uk-button uk-button-large\" href=\"https:\/\/nepsi.leidardev.com\/ro\/training-packs\/french\/\" target=\"_self\" rel=\"noopener\" role=\"link\"><span>francez\u0103<\/span><\/a>\n<\/div>\n\n\n\n<div class=\"wp-block-c83-grid-item\">\n<a class=\"wp-block-c83-button uk-button-primary uk-button uk-button-large\" href=\"https:\/\/nepsi.leidardev.com\/ro\/training-packs\/german\/\" target=\"_self\" rel=\"noopener\" role=\"link\"><span>german\u0103<\/span><\/a>\n<\/div>\n\n\n\n<div class=\"wp-block-c83-grid-item\">\n<a class=\"wp-block-c83-button uk-button-primary uk-button uk-button-large\" href=\"https:\/\/nepsi.leidardev.com\/ro\/training-packs\/greek\/\" target=\"_self\" rel=\"noopener\" role=\"link\"><span>greac\u0103<\/span><\/a>\n<\/div>\n\n\n\n<div class=\"wp-block-c83-grid-item\">\n<a class=\"wp-block-c83-button uk-button-primary uk-button uk-button-large\" href=\"https:\/\/nepsi.leidardev.com\/ro\/training-packs\/hungarian\/\" target=\"_self\" rel=\"noopener\" role=\"link\"><span>maghiar\u0103<\/span><\/a>\n<\/div>\n\n\n\n<div class=\"wp-block-c83-grid-item\">\n<a class=\"wp-block-c83-button uk-button-primary uk-button uk-button-large\" href=\"https:\/\/nepsi.leidardev.com\/ro\/training-packs\/italian\/\" target=\"_self\" rel=\"noopener\" role=\"link\"><span>italian\u0103<\/span><\/a>\n<\/div>\n\n\n\n<div class=\"wp-block-c83-grid-item\">\n<a class=\"wp-block-c83-button uk-button-primary uk-button uk-button-large\" href=\"https:\/\/nepsi.leidardev.com\/ro\/training-packs\/latvian\/\" target=\"_self\" rel=\"noopener\" role=\"link\"><span>leton\u0103<\/span><\/a>\n<\/div>\n\n\n\n<div class=\"wp-block-c83-grid-item\">\n<a class=\"wp-block-c83-button uk-button-primary uk-button uk-button-large\" href=\"https:\/\/nepsi.leidardev.com\/ro\/training-packs\/lithuanian\/\" target=\"_self\" rel=\"noopener\" role=\"link\"><span>lituanian\u0103<\/span><\/a>\n<\/div>\n\n\n\n<div class=\"wp-block-c83-grid-item\">\n<a class=\"wp-block-c83-button uk-button-primary uk-button uk-button-large\" href=\"https:\/\/nepsi.leidardev.com\/ro\/training-packs\/maltese\/\" target=\"_self\" rel=\"noopener\" role=\"link\"><span>maltez\u0103<\/span><\/a>\n<\/div>\n\n\n\n<div class=\"wp-block-c83-grid-item\">\n<a class=\"wp-block-c83-button uk-button-primary uk-button uk-button-large\" href=\"https:\/\/nepsi.leidardev.com\/ro\/training-packs\/polish\/\" target=\"_self\" rel=\"noopener\" role=\"link\"><span>polonez\u0103<\/span><\/a>\n<\/div>\n\n\n\n<div class=\"wp-block-c83-grid-item\">\n<a class=\"wp-block-c83-button uk-button-primary uk-button uk-button-large\" href=\"https:\/\/nepsi.leidardev.com\/ro\/training-packs\/portuguese\/\" target=\"_self\" rel=\"noopener\" role=\"link\"><span>portughez\u0103<\/span><\/a>\n<\/div>\n\n\n\n<div class=\"wp-block-c83-grid-item\">\n<a class=\"wp-block-c83-button uk-button-primary uk-button uk-button-large\" href=\"https:\/\/nepsi.leidardev.com\/ro\/training-packs\/romanian\/\" target=\"_self\" rel=\"noopener\" role=\"link\"><span>rom\u00e2n\u0103<\/span><\/a>\n<\/div>\n\n\n\n<div class=\"wp-block-c83-grid-item\">\n<a class=\"wp-block-c83-button uk-button-primary uk-button uk-button-large\" href=\"https:\/\/nepsi.leidardev.com\/ro\/training-packs\/slovakian\/\" target=\"_self\" rel=\"noopener\" role=\"link\"><span>slovac\u0103<\/span><\/a>\n<\/div>\n\n\n\n<div class=\"wp-block-c83-grid-item\">\n<a class=\"wp-block-c83-button uk-button-primary uk-button uk-button-large\" href=\"https:\/\/nepsi.leidardev.com\/ro\/training-packs\/slovenian\/\" target=\"_self\" rel=\"noopener\" role=\"link\"><span>sloven\u0103<\/span><\/a>\n<\/div>\n\n\n\n<div class=\"wp-block-c83-grid-item\">\n<a class=\"wp-block-c83-button uk-button-primary uk-button uk-button-large\" href=\"https:\/\/nepsi.leidardev.com\/ro\/training-packs\/spanish\/\" target=\"_self\" rel=\"noopener\" role=\"link\"><span>spaniol\u0103<\/span><\/a>\n<\/div>\n\n\n\n<div class=\"wp-block-c83-grid-item\">\n<a class=\"wp-block-c83-button uk-button-primary uk-button uk-button-large\" href=\"https:\/\/nepsi.leidardev.com\/ro\/training-packs\/swedish\/\" target=\"_self\" rel=\"noopener\" role=\"link\"><span>suedez\u0103<\/span><\/a>\n<\/div>\n<\/div>\n<\/div>\n<\/div>","protected":false},"excerpt":{"rendered":"","protected":false},"author":1,"featured_media":0,"parent":0,"menu_order":0,"comment_status":"closed","ping_status":"closed","template":"","meta":{"footnotes":""},"class_list":["post-400","page","type-page","status-publish","hentry"],"_links":{"self":[{"href":"https:\/\/nepsi.leidardev.com\/ro\/wp-json\/wp\/v2\/pages\/400","targetHints":{"allow":["GET"]}}],"collection":[{"href":"https:\/\/nepsi.leidardev.com\/ro\/wp-json\/wp\/v2\/pages"}],"about":[{"href":"https:\/\/nepsi.leidardev.com\/ro\/wp-json\/wp\/v2\/types\/page"}],"author":[{"embeddable":true,"href":"https:\/\/nepsi.leidardev.com\/ro\/wp-json\/wp\/v2\/users\/1"}],"replies":[{"embeddable":true,"href":"https:\/\/nepsi.leidardev.com\/ro\/wp-json\/wp\/v2\/comments?post=400"}],"version-history":[{"count":0,"href":"https:\/\/nepsi.leidardev.com\/ro\/wp-json\/wp\/v2\/pages\/400\/revisions"}],"wp:attachment":[{"href":"https:\/\/nepsi.leidardev.com\/ro\/wp-json\/wp\/v2\/media?parent=400"}],"curies":[{"name":"wp","href":"https:\/\/api.w.org\/{rel}","templated":true}]}}